{"id":8178,"date":"2025-08-30T12:38:26","date_gmt":"2025-08-30T12:38:26","guid":{"rendered":"https:\/\/rdbpro.ab360.ae\/?post_type=product&#038;p=8178"},"modified":"2025-09-01T19:05:16","modified_gmt":"2025-09-01T14:05:16","slug":"granola-hrustyashhaya-s-mango-ananasom-i-keshyu","status":"publish","type":"product","link":"https:\/\/rdbpro.ab360.ae\/uz\/product\/granola-hrustyashhaya-s-mango-ananasom-i-keshyu\/","title":{"rendered":"Mango, ananas va kaju qo&#8217;shilgan \u00e7\u0131t\u0131r granola"},"content":{"rendered":"<p><\/p>\n<p data-start=\"806\" data-end=\"947\" data-is-last-node=\"\" data-is-only-node=\"\">Mikroblarni saqlash texnologiyasidan foydalangan holda ishlab chiqarilgan o&#8217;rta o&#8217;lchamdagi yoriqlar.<br \/>\n250 g. +25 \u00b0C gacha 9 oy.<\/p>\n<p><\/p>","protected":false},"excerpt":{"rendered":"<p>Mikroblarni saqlash texnologiyasidan foydalangan holda ishlab chiqarilgan o&#8217;rta o&#8217;lchamdagi yoriqlar. 250 g. +25 \u00b0C gacha 9 oy.<\/p>\n","protected":false},"featured_media":8180,"template":"","meta":[],"product_brand":[],"product_cat":[162,181],"product_tag":[],"class_list":{"0":"post-8178","1":"product","2":"type-product","3":"status-publish","4":"has-post-thumbnail","6":"product_cat-bakaleya","7":"product_cat-granola","9":"first","10":"instock","11":"shipping-taxable","12":"product-type-simple"},"_links":{"self":[{"href":"https:\/\/rdbpro.ab360.ae\/uz\/wp-json\/wp\/v2\/product\/8178","targetHints":{"allow":["GET"]}}],"collection":[{"href":"https:\/\/rdbpro.ab360.ae\/uz\/wp-json\/wp\/v2\/product"}],"about":[{"href":"https:\/\/rdbpro.ab360.ae\/uz\/wp-json\/wp\/v2\/types\/product"}],"wp:featuredmedia":[{"embeddable":true,"href":"https:\/\/rdbpro.ab360.ae\/uz\/wp-json\/wp\/v2\/media\/8180"}],"wp:attachment":[{"href":"https:\/\/rdbpro.ab360.ae\/uz\/wp-json\/wp\/v2\/media?parent=8178"}],"wp:term":[{"taxonomy":"product_brand","embeddable":true,"href":"https:\/\/rdbpro.ab360.ae\/uz\/wp-json\/wp\/v2\/product_brand?post=8178"},{"taxonomy":"product_cat","embeddable":true,"href":"https:\/\/rdbpro.ab360.ae\/uz\/wp-json\/wp\/v2\/product_cat?post=8178"},{"taxonomy":"product_tag","embeddable":true,"href":"https:\/\/rdbpro.ab360.ae\/uz\/wp-json\/wp\/v2\/product_tag?post=8178"}],"curies":[{"name":"wp","href":"https:\/\/api.w.org\/{rel}","templated":true}]}}